{"id":592,"date":"2021-04-26T15:54:41","date_gmt":"2021-04-26T15:54:41","guid":{"rendered":"https:\/\/www.kleinenzhof.seven.webcontact.de\/?page_id=592"},"modified":"2025-02-24T16:01:49","modified_gmt":"2025-02-24T16:01:49","slug":"kontakt","status":"publish","type":"page","link":"https:\/\/www.campingpark-bad-liebenzell.com\/nl\/kontakt\/","title":{"rendered":"Contact"},"content":{"rendered":"<div data-elementor-type=\"wp-page\" data-elementor-id=\"592\" class=\"elementor elementor-592\">\n\t\t\t\t\t\t<section class=\"has_eae_slider elementor-section elementor-top-section elementor-element elementor-element-425de59b elementor-section-boxed elementor-section-height-default elementor-section-height-default parallax_section_no qode_elementor_container_no\" data-eae-slider=\"20016\" data-id=\"425de59b\" data-element_type=\"section\">\n\t\t\t\t\t\t<div class=\"elementor-container elementor-column-gap-default\">\n\t\t\t\t\t<div class=\"has_eae_slider elementor-column elementor-col-100 elementor-top-column elementor-element elementor-element-66bf18c\" data-eae-slider=\"93787\" data-id=\"66bf18c\" data-element_type=\"column\">\n\t\t\t<div class=\"elementor-widget-wrap\">\n\t\t\t\t\t\t\t<\/div>\n\t\t<\/div>\n\t\t\t\t\t<\/div>\n\t\t<\/section>\n\t\t\t\t<section class=\"has_eae_slider elementor-section elementor-top-section elementor-element elementor-element-a1b00ef elementor-section-boxed elementor-section-height-default elementor-section-height-default parallax_section_no qode_elementor_container_no\" data-eae-slider=\"98930\" data-id=\"a1b00ef\" data-element_type=\"section\" id=\"content\">\n\t\t\t\t\t\t<div class=\"elementor-container elementor-column-gap-default\">\n\t\t\t\t\t<div class=\"has_eae_slider elementor-column elementor-col-100 elementor-top-column elementor-element elementor-element-a3c3609\" data-eae-slider=\"89791\" data-id=\"a3c3609\" data-element_type=\"column\">\n\t\t\t<div class=\"elementor-widget-wrap elementor-element-populated\">\n\t\t\t\t\t\t<div class=\"elementor-element elementor-element-2936d4d elementor-widget elementor-widget-heading\" data-id=\"2936d4d\" data-element_type=\"widget\" data-widget_type=\"heading.default\">\n\t\t\t\t<div class=\"elementor-widget-container\">\n\t\t\t\t\t<span class=\"elementor-heading-title elementor-size-default\">We zijn blij om te helpen<\/span>\t\t\t\t<\/div>\n\t\t\t\t<\/div>\n\t\t\t\t<div class=\"elementor-element elementor-element-c758cc7 elementor-widget elementor-widget-heading\" data-id=\"c758cc7\" data-element_type=\"widget\" data-widget_type=\"heading.default\">\n\t\t\t\t<div class=\"elementor-widget-container\">\n\t\t\t\t\t<h2 class=\"elementor-heading-title elementor-size-default\">Schrijf ons<\/h2>\t\t\t\t<\/div>\n\t\t\t\t<\/div>\n\t\t\t\t\t<\/div>\n\t\t<\/div>\n\t\t\t\t\t<\/div>\n\t\t<\/section>\n\t\t\t\t<section class=\"has_eae_slider elementor-section elementor-top-section elementor-element elementor-element-1be4d23 elementor-section-boxed elementor-section-height-default elementor-section-height-default parallax_section_no qode_elementor_container_no\" data-eae-slider=\"51257\" data-id=\"1be4d23\" data-element_type=\"section\">\n\t\t\t\t\t\t<div class=\"elementor-container elementor-column-gap-default\">\n\t\t\t\t\t<div class=\"has_eae_slider elementor-column elementor-col-100 elementor-top-column elementor-element elementor-element-e502360\" data-eae-slider=\"97610\" data-id=\"e502360\" data-element_type=\"column\">\n\t\t\t<div class=\"elementor-widget-wrap elementor-element-populated\">\n\t\t\t\t\t\t<div class=\"elementor-element elementor-element-6d9416f elementor-widget__width-auto elementor-widget elementor-widget-text-editor\" data-id=\"6d9416f\" data-element_type=\"widget\" data-widget_type=\"text-editor.default\">\n\t\t\t\t<div class=\"elementor-widget-container\">\n\t\t\t\t\t\t\t\t\t<p>Vragen, suggesties, problemen? Wij zijn altijd bereikbaar. Schrijft u ons eenvoudig via dit formulier een e-mail en wij zullen ons per omgaande met u in verbinding stellen.<\/p>\t\t\t\t\t\t\t\t<\/div>\n\t\t\t\t<\/div>\n\t\t\t\t\t<\/div>\n\t\t<\/div>\n\t\t\t\t\t<\/div>\n\t\t<\/section>\n\t\t\t\t<section class=\"has_eae_slider elementor-section elementor-top-section elementor-element elementor-element-2cf3f67 elementor-section-boxed elementor-section-height-default elementor-section-height-default parallax_section_no qode_elementor_container_no\" data-eae-slider=\"12222\" data-id=\"2cf3f67\" data-element_type=\"section\">\n\t\t\t\t\t\t<div class=\"elementor-container elementor-column-gap-default\">\n\t\t\t\t\t<div class=\"has_eae_slider elementor-column elementor-col-100 elementor-top-column elementor-element elementor-element-b388fc5\" data-eae-slider=\"95637\" data-id=\"b388fc5\" data-element_type=\"column\">\n\t\t\t<div class=\"elementor-widget-wrap elementor-element-populated\">\n\t\t\t\t\t\t<div class=\"elementor-element elementor-element-c9344f2 elementor-widget elementor-widget-bridge_cf_7\" data-id=\"c9344f2\" data-element_type=\"widget\" data-widget_type=\"bridge_cf_7.default\">\n\t\t\t\t<div class=\"elementor-widget-container\">\n\t\t\t\t\t    <div class=\"qode-contact-form-7 qode-contact-form-7-0\">\n    \n<div class=\"wpcf7 no-js\" id=\"wpcf7-f262-o1\" lang=\"de-DE\" dir=\"ltr\" data-wpcf7-id=\"262\">\n<div class=\"screen-reader-response\"><p role=\"status\" aria-live=\"polite\" aria-atomic=\"true\"><\/p> <ul><\/ul><\/div>\n<form action=\"\/nl\/wp-json\/wp\/v2\/pages\/592#wpcf7-f262-o1\" method=\"post\" class=\"wpcf7-form init cf7_custom_style_1\" aria-label=\"Contactformulier\" novalidate=\"novalidate\" data-status=\"init\" data-trp-original-action=\"\/nl\/wp-json\/wp\/v2\/pages\/592#wpcf7-f262-o1\">\n<fieldset class=\"hidden-fields-container\"><input type=\"hidden\" name=\"_wpcf7\" value=\"262\" \/><input type=\"hidden\" name=\"_wpcf7_version\" value=\"6.1.5\" \/><input type=\"hidden\" name=\"_wpcf7_locale\" value=\"de_DE\" \/><input type=\"hidden\" name=\"_wpcf7_unit_tag\" value=\"wpcf7-f262-o1\" \/><input type=\"hidden\" name=\"_wpcf7_container_post\" value=\"0\" \/><input type=\"hidden\" name=\"_wpcf7_posted_data_hash\" value=\"\" \/>\n<\/fieldset>\n<p><label> Naam*<br \/>\n<span class=\"wpcf7-form-control-wrap\" data-name=\"your-name\"><input size=\"40\" maxlength=\"400\" class=\"wpcf7-form-control wpcf7-text wpcf7-validates-as-required\" aria-required=\"true\" aria-invalid=\"false\" value=\"\" type=\"text\" name=\"your-name\" \/><\/span> <\/label>\n<\/p>\n<p><label> Telefoon<br \/>\n<span class=\"wpcf7-form-control-wrap\" data-name=\"your-number\"><input size=\"40\" maxlength=\"400\" class=\"wpcf7-form-control wpcf7-text\" aria-invalid=\"false\" value=\"\" type=\"text\" name=\"your-number\" \/><\/span> <\/label>\n<\/p>\n<p><label> E-Mail<br \/>\n<span class=\"wpcf7-form-control-wrap\" data-name=\"your-email\"><input size=\"40\" maxlength=\"400\" class=\"wpcf7-form-control wpcf7-email wpcf7-validates-as-required wpcf7-text wpcf7-validates-as-email\" aria-required=\"true\" aria-invalid=\"false\" value=\"\" type=\"email\" name=\"your-email\" \/><\/span> <\/label>\n<\/p>\n<p><label> Onderwerp<br \/>\n<span class=\"wpcf7-form-control-wrap\" data-name=\"your-subject\"><input size=\"40\" maxlength=\"400\" class=\"wpcf7-form-control wpcf7-text wpcf7-validates-as-required\" aria-required=\"true\" aria-invalid=\"false\" value=\"\" type=\"text\" name=\"your-subject\" \/><\/span> <\/label>\n<\/p>\n<p><label> Uw bericht<br \/>\n<span class=\"wpcf7-form-control-wrap\" data-name=\"your-message\"><textarea cols=\"40\" rows=\"10\" maxlength=\"2000\" class=\"wpcf7-form-control wpcf7-textarea\" aria-invalid=\"false\" name=\"your-message\"><\/textarea><\/span> <\/label>\n<\/p>\n<p><label class=\"captcha\"> Sicherheitsabfrage*<br \/>\n<div class=\"f12-captcha template-2\">\r\n    <div class=\"c-header\">\r\n        <div class=\"c-label\">Captcha<\/div>\r\n        <div class=\"c-data\"><span class=\"captcha-image\"><img decoding=\"async\" alt=\"captcha\" src=\"data:image\/png;base64,iVBORw0KGgoAAAANSUhEUgAAAH0AAAAeCAMAAAA2PuHjAAABJlBMVEX\/\/\/\/IyMj4+Pjx8fHq6urOzs7j4+Pc3NzV1dVFZ4nn7PCnr7hpgpxcepeKoLWfq7i5xtJbeZaGl6jb3+Sis8TQ2eFwiaOQobK3u8BzjaZlf5h2i6C7xMzDx8vV2d2CmK1Wc5Fxi6RZd5VYdpRXdZN9kqjP09fIyMhFZ4mWo7CjsLx7kKVngJqrtLxVc5CxucLL09ywvcpuh6GbrL1shp+0wc7IyMhFZ4mNnq+ap7SAlaqInbJ4jaKer8DGztfh5erIyMhFZ4mXqLm8wcVXdJJqhJ2UpbbJzdHIyMjMzMzs7Ozr6+vQ0NDm5ubLy8vl5eXg4ODS0tKhr7zDxcfP0dJFZ4mEl6lLa4xkfpmntMG5wcqFmrCzub9deZTIyMhFZ4m2vsfAydG0QFsEAAAACXBIWXMAAA7EAAAOxAGVKw4bAAAENUlEQVRIie2Wi2+bRhzHj8fBAT1CCczGTp14ywPahjZNy6VNu95v01q6pzaJvYe3\/\/+f2O8O4zitMwVlijRpX8lCh+E+v\/dByP\/6T8u0LPuWeebFyjUMo65rZt18W3u1r+s6Nq7MD5+ypZTsYvlOsZWcG7FtaihRvYt51Isy5l56zkK6XHn6ZV0bxlfEYnV9kwRgBClzGZpA0WHr6Mh1cdUZ8D6dyZVBX9dU22LSmn2w57VlG0YXOosaSLOPjpbuYZYvp9SU0pGyT0ldfyOl8tqp6\/U0mdaQQmBG746l7ED6hpT3dJvJZZZN41uro1sdHWvHwZi1bete8f4mKaTfG8LIYVyk\/trfFu7oWsRVpS3l4WfB58v7mAOMRRqlM01n7UqD6MEdz\/N46KsKoOR+rsTDJErVv26lZdPKVvQdgLILrIN+02K\/QU2VQQ7WjoO94rbtVbHbpC3Fxp8X4cIko3wv49qCTO1ZVcwykU0rhFI5AoB7XZzkq\/DHpuHZvGmeroWqbQc14F0vNqi7nXiedvZBvkWIn0ZJmKAxVaXDiFdFZ\/IA5hBo3+QxwE\/NGUZnXDbRajfW0o2UK+R7H+l2pyMvVOuH+TEGcDl77Koy07SLgabfgQgK5Zwlv+Dwc8BUzf3S6DcjnmW70\/gk8q+EbaBzzBnix\/GWymiZj\/tp4xBWnQlUlM4DRXflHvgwVd45BYRwIKnq9qijJ4ulon8mXlLo8YhY2gDDJn6ePzp0mZ42LpaVEDwTIhEdfQyc8InqM1rOExhJympqZk3aOZL+WRTni0U6gI54zwtTbC3EW4+7ks\/CiOCop+g37or8saI7AWQkAxz2ZgFpCDsSR72VNNlyJyy5vzgfALcoM\/0Qax5fwqnHTvLyCe8rnjwXL9QlFULnHcOdkBDG0rTLA8JhhvBZ2PA+0bR9tOADsq7mm8p2mqmOw34\/zWNL17xO3pm4r5\/id7H8sAhjeEYiOJbuCGYE4Duj\/pV3SVdy2mIYnESToOvP1PN8x6C7ebE2LF6I447+RNOtCTwmKbyRdG9q+ZB9X08bvqoxs40HwknkTY0OF3oRNdjTPFijnwvdXr542dFL2CY+nMsYxmjFD9jpv\/lqvNNa9eN0kSk4DvzrHrm+5wVUz87M28Es7OfjddtEWSH+lYg13dRjlmdvYcpIAr+XTfFu+YVhE3uyOHC7Y6a99pGLM24a3HNmu96egaddnl+aVVyURfFSiC1Nfw0T9CqDUxg7JCwnTRkXxfFbx1bhGi0Wk8k0jovnzL3+50biLRXgeEnz8hLd52raPBSfanoED9D3BOAUL9kfTS9dd2\/6YbMYlHs\/mX\/8yf7BoTLYf3by3rcBzvvXodjWdF+fexGA2p+DPg3CrK96X3VKgneGwK+hTMyq6sJabYOPY+92xIW9Rl8qHTLObyLBN9BvS77I\/kX63xZHku7CmBOvAAAAAElFTkSuQmCC\"\/><\/span><\/div>\r\n        <div class=\"c-reload\"><a href=\"javascript:void(0);\" class=\"cf7 captcha-reload\" title=\"Reload Captcha\"><img decoding=\"async\" style=\"margin-top:5px;\" src=\"https:\/\/www.campingpark-bad-liebenzell.com\/wp-content\/plugins\/captcha-for-contact-form-7\/core\/assets\/reload-icon.png\" alt=\"Reload\"\/><\/a><\/div>\r\n    <\/div>\r\n    <input type=\"hidden\" id=\"hash_c_a41ffe1ca89477bd3ae6\" name=\"f12_captcha-715_hash\"\r\n           value=\"$2y$10$jfIIhx4sAcrcfAFu9RpzjOBoj36paffeYBLiMYN19itz.0kiXQZbW\"\/>\r\n    <div class=\"\" >\r\n        <input class=\"f12c  wpcf7-form-control wpcf7-f12_captcha wpcf7-validates-as-captcha\" data-method=\"image\" aria-required=\"&quot;true&quot;\"                type=\"text\" id=\"c_a41ffe1ca89477bd3ae6\" name=\"f12_captcha-715\"\r\n               placeholder=\"Captcha\" value=\"\"\/>\r\n    <\/div>\r\n<\/div>\r\n <\/label>\n<\/p>\n<p><span class=\"wpcf7-form-control-wrap\" data-name=\"acceptance-23\"><span class=\"wpcf7-form-control wpcf7-acceptance\"><span class=\"wpcf7-list-item\"><label><input type=\"checkbox\" name=\"acceptance-23\" value=\"1\" aria-invalid=\"false\" \/><span class=\"wpcf7-list-item-label\">Ja, ik heb het privacybeleid gelezen en ga ermee akkoord. Ik kan mijn toestemming op elk moment intrekken door een e-mail te sturen naar info@campingpark-bad-liebenzell.com.<\/span><\/label><\/span><\/span><\/span>\n<\/p>\n<p><p><span class=\"wpcf7-form-control-wrap\"><input id=\"f12_captcha\" type=\"text\" style=\"visibility:hidden!important; opacity:1!important; height:0!important; width:0!important; margin:0!important; padding:0!important;\" name=\"f12_captcha\" value=\"\"\/><\/span><\/p><input class=\"wpcf7-form-control wpcf7-submit has-spinner\" type=\"submit\" value=\"Aanvraag verzenden\" \/>\n<\/p><div class=\"wpcf7-response-output\" aria-hidden=\"true\"><\/div>\n<input type=\"hidden\" name=\"trp-form-language\" value=\"nl\"\/><\/form>\n<\/div>\n    <\/div>\n\t\t\t\t<\/div>\n\t\t\t\t<\/div>\n\t\t\t\t\t<\/div>\n\t\t<\/div>\n\t\t\t\t\t<\/div>\n\t\t<\/section>\n\t\t\t\t<\/div>","protected":false},"excerpt":{"rendered":"<p>Wir helfen gerne Kontakt&shy;ieren Sie uns Gerne stehen wir Ihnen an dieser Stelle f\u00fcr Anfragen und Anregungen zur Verf\u00fcgung. Nutzen Sie hierf\u00fcr unser Online-Kontaktformular oder wenden Sie sich direkt telefonisch an uns und wir setzen uns mit Ihnen zeitnah in Verbindung! Ihr Name* Ihre Telefonnummer&#8230;<\/p>","protected":false},"author":1,"featured_media":0,"parent":0,"menu_order":0,"comment_status":"closed","ping_status":"closed","template":"","meta":{"footnotes":""},"class_list":["post-592","page","type-page","status-publish","hentry"],"_links":{"self":[{"href":"https:\/\/www.campingpark-bad-liebenzell.com\/nl\/wp-json\/wp\/v2\/pages\/592","targetHints":{"allow":["GET"]}}],"collection":[{"href":"https:\/\/www.campingpark-bad-liebenzell.com\/nl\/wp-json\/wp\/v2\/pages"}],"about":[{"href":"https:\/\/www.campingpark-bad-liebenzell.com\/nl\/wp-json\/wp\/v2\/types\/page"}],"author":[{"embeddable":true,"href":"https:\/\/www.campingpark-bad-liebenzell.com\/nl\/wp-json\/wp\/v2\/users\/1"}],"replies":[{"embeddable":true,"href":"https:\/\/www.campingpark-bad-liebenzell.com\/nl\/wp-json\/wp\/v2\/comments?post=592"}],"version-history":[{"count":3,"href":"https:\/\/www.campingpark-bad-liebenzell.com\/nl\/wp-json\/wp\/v2\/pages\/592\/revisions"}],"predecessor-version":[{"id":6224,"href":"https:\/\/www.campingpark-bad-liebenzell.com\/nl\/wp-json\/wp\/v2\/pages\/592\/revisions\/6224"}],"wp:attachment":[{"href":"https:\/\/www.campingpark-bad-liebenzell.com\/nl\/wp-json\/wp\/v2\/media?parent=592"}],"curies":[{"name":"wp","href":"https:\/\/api.w.org\/{rel}","templated":true}]}}